{"id":215,"date":"2019-10-07T21:25:46","date_gmt":"2019-10-07T21:25:46","guid":{"rendered":"https:\/\/skscx.com.br\/?page_id=215"},"modified":"2024-05-17T17:30:33","modified_gmt":"2024-05-17T17:30:33","slug":"blog","status":"publish","type":"page","link":"https:\/\/skscx.com.br\/en\/blog\/","title":{"rendered":"Blog"},"content":{"rendered":"<p><div class=\"fusion-bg-parallax\" data-bg-align=\"center top\" data-direction=\"down\" data-mute=\"false\" data-opacity=\"100\" data-velocity=\"-0.3\" data-mobile-enabled=\"false\" data-break_parents=\"0\" data-bg-image=\"https:\/\/skscx.com.br\/wp-content\/uploads\/2019\/10\/topo-blog.png\" data-bg-repeat=\"false\" ><\/div><div class=\"fusion-fullwidth fullwidth-box fusion-builder-row-1 fusion-parallax-down hundred-percent-fullwidth non-hundred-percent-height-scrolling fusion-no-medium-visibility fusion-no-large-visibility lazyload\" style=\"--awb-background-position:center top;--awb-border-radius-top-left:0px;--awb-border-radius-top-right:0px;--awb-border-radius-bottom-right:0px;--awb-border-radius-bottom-left:0px;--awb-padding-top:0px;--awb-padding-right:0px;--awb-padding-bottom:0px;--awb-padding-left:0px;--awb-margin-top:0px;--awb-margin-bottom:0px;--awb-background-size:cover;--awb-flex-wrap:wrap;\" data-bg=\"https:\/\/skscx.com.br\/wp-content\/uploads\/2019\/10\/topo-blog.png\" ><div class=\"fusion-builder-row fusion-row\"><div class=\"fusion-layout-column fusion_builder_column fusion-builder-column-0 fusion_builder_column_1_1 1_1 fusion-one-full fusion-column-first fusion-column-last\" style=\"--awb-padding-top:100px;--awb-padding-right:10%;--awb-padding-bottom:100px;--awb-padding-left:10%;--awb-bg-size:cover;\"><div class=\"fusion-column-wrapper fusion-column-has-shadow fusion-flex-column-wrapper-legacy\"><div class=\"fusion-column-content-centered\"><div class=\"fusion-column-content\"><div class=\"fusion-title title fusion-title-1 fusion-sep-none fusion-title-center fusion-title-text fusion-title-size-one\"><h1 class=\"fusion-title-heading title-heading-center fusion-responsive-typography-calculated\" style=\"margin:0;--fontSize:75;line-height:1.4;\"><span style=\"text-shadow: 0px 2px 10px rgba(0,0,0,0.5);\">Blog<\/span><\/h1><\/div><\/div><\/div><div class=\"fusion-clearfix\"><\/div><\/div><\/div><div class=\"fusion-layout-column fusion_builder_column fusion-builder-column-1 fusion_builder_column_1_1 1_1 fusion-one-full fusion-column-first fusion-column-last\" style=\"--awb-bg-size:cover;--awb-margin-bottom:-1px;\"><div class=\"fusion-column-wrapper fusion-column-has-shadow fusion-flex-column-wrapper-legacy\"><div class=\"fusion-image-element in-legacy-container\" style=\"--awb-caption-title-font-family:var(--h2_typography-font-family);--awb-caption-title-font-weight:var(--h2_typography-font-weight);--awb-caption-title-font-style:var(--h2_typography-font-style);--awb-caption-title-size:var(--h2_typography-font-size);--awb-caption-title-transform:var(--h2_typography-text-transform);--awb-caption-title-line-height:var(--h2_typography-line-height);--awb-caption-title-letter-spacing:var(--h2_typography-letter-spacing);\"><span class=\"fusion-imageframe imageframe-none imageframe-1 hover-type-none\"><img decoding=\"async\" width=\"1920\" height=\"298\" src=\"https:\/\/skscx.com.br\/wp-content\/uploads\/2019\/10\/topo-ondas-7.png\" data-orig-src=\"https:\/\/skscx.com.br\/wp-content\/uploads\/2019\/10\/topo-ondas-7.png\" alt class=\"lazyload img-responsive wp-image-214\" srcset=\"data:image\/svg+xml,%3Csvg%20xmlns%3D%27http%3A%2F%2Fwww.w3.org%2F2000%2Fsvg%27%20width%3D%271920%27%20height%3D%27298%27%20viewBox%3D%270%200%201920%20298%27%3E%3Crect%20width%3D%271920%27%20height%3D%27298%27%20fill-opacity%3D%220%22%2F%3E%3C%2Fsvg%3E\" data-srcset=\"https:\/\/skscx.com.br\/wp-content\/uploads\/2019\/10\/topo-ondas-7-200x31.png 200w, https:\/\/skscx.com.br\/wp-content\/uploads\/2019\/10\/topo-ondas-7-400x62.png 400w, https:\/\/skscx.com.br\/wp-content\/uploads\/2019\/10\/topo-ondas-7-600x93.png 600w, https:\/\/skscx.com.br\/wp-content\/uploads\/2019\/10\/topo-ondas-7-800x124.png 800w, https:\/\/skscx.com.br\/wp-content\/uploads\/2019\/10\/topo-ondas-7-1200x186.png 1200w, https:\/\/skscx.com.br\/wp-content\/uploads\/2019\/10\/topo-ondas-7.png 1920w\" data-sizes=\"auto\" data-orig-sizes=\"(max-width: 800px) 100vw, 1200px\" \/><\/span><\/div><div class=\"fusion-clearfix\"><\/div><\/div><\/div><\/div><\/div><div class=\"fusion-bg-parallax\" data-bg-align=\"center top\" data-direction=\"down\" data-mute=\"false\" data-opacity=\"100\" data-velocity=\"-0.3\" data-mobile-enabled=\"false\" data-break_parents=\"0\" data-bg-image=\"https:\/\/skscx.com.br\/wp-content\/uploads\/2019\/10\/topo-blog.png\" data-bg-repeat=\"false\" ><\/div><div class=\"fusion-fullwidth fullwidth-box fusion-builder-row-2 fusion-parallax-down hundred-percent-fullwidth non-hundred-percent-height-scrolling fusion-no-small-visibility lazyload\" style=\"--awb-background-position:center top;--awb-border-radius-top-left:0px;--awb-border-radius-top-right:0px;--awb-border-radius-bottom-right:0px;--awb-border-radius-bottom-left:0px;--awb-padding-top:0px;--awb-padding-right:0px;--awb-padding-bottom:0px;--awb-padding-left:0px;--awb-margin-top:0px;--awb-margin-bottom:0px;--awb-background-size:cover;--awb-flex-wrap:wrap;\" data-bg=\"https:\/\/skscx.com.br\/wp-content\/uploads\/2019\/10\/topo-blog.png\" ><div class=\"fusion-builder-row fusion-row\"><div class=\"fusion-layout-column fusion_builder_column fusion-builder-column-2 fusion_builder_column_1_1 1_1 fusion-one-full fusion-column-first fusion-column-last\" style=\"--awb-padding-top:342px;--awb-padding-right:10%;--awb-padding-bottom:250px;--awb-padding-left:10%;--awb-bg-size:cover;\"><div class=\"fusion-column-wrapper fusion-column-has-shadow fusion-flex-column-wrapper-legacy\"><div class=\"fusion-column-content-centered\"><div class=\"fusion-column-content\"><div class=\"fusion-title title fusion-title-2 fusion-sep-none fusion-title-center fusion-title-text fusion-title-size-one\"><h1 class=\"fusion-title-heading title-heading-center fusion-responsive-typography-calculated\" style=\"margin:0;--fontSize:75;line-height:1.4;\"><span style=\"text-shadow: 0px 2px 10px rgba(0,0,0,0.5);\">Blog<\/span><\/h1><\/div><\/div><\/div><div class=\"fusion-clearfix\"><\/div><\/div><\/div><div class=\"fusion-layout-column fusion_builder_column fusion-builder-column-3 fusion_builder_column_1_1 1_1 fusion-one-full fusion-column-first fusion-column-last\" style=\"--awb-bg-size:cover;--awb-margin-bottom:-1px;\"><div class=\"fusion-column-wrapper fusion-column-has-shadow fusion-flex-column-wrapper-legacy\"><div class=\"fusion-image-element in-legacy-container\" style=\"--awb-caption-title-font-family:var(--h2_typography-font-family);--awb-caption-title-font-weight:var(--h2_typography-font-weight);--awb-caption-title-font-style:var(--h2_typography-font-style);--awb-caption-title-size:var(--h2_typography-font-size);--awb-caption-title-transform:var(--h2_typography-text-transform);--awb-caption-title-line-height:var(--h2_typography-line-height);--awb-caption-title-letter-spacing:var(--h2_typography-letter-spacing);\"><span class=\"fusion-imageframe imageframe-none imageframe-2 hover-type-none\"><img decoding=\"async\" width=\"1920\" height=\"298\" src=\"https:\/\/skscx.com.br\/wp-content\/uploads\/2019\/10\/topo-ondas-7.png\" data-orig-src=\"https:\/\/skscx.com.br\/wp-content\/uploads\/2019\/10\/topo-ondas-7.png\" alt class=\"lazyload img-responsive wp-image-214\" srcset=\"data:image\/svg+xml,%3Csvg%20xmlns%3D%27http%3A%2F%2Fwww.w3.org%2F2000%2Fsvg%27%20width%3D%271920%27%20height%3D%27298%27%20viewBox%3D%270%200%201920%20298%27%3E%3Crect%20width%3D%271920%27%20height%3D%27298%27%20fill-opacity%3D%220%22%2F%3E%3C%2Fsvg%3E\" data-srcset=\"https:\/\/skscx.com.br\/wp-content\/uploads\/2019\/10\/topo-ondas-7-200x31.png 200w, https:\/\/skscx.com.br\/wp-content\/uploads\/2019\/10\/topo-ondas-7-400x62.png 400w, https:\/\/skscx.com.br\/wp-content\/uploads\/2019\/10\/topo-ondas-7-600x93.png 600w, https:\/\/skscx.com.br\/wp-content\/uploads\/2019\/10\/topo-ondas-7-800x124.png 800w, https:\/\/skscx.com.br\/wp-content\/uploads\/2019\/10\/topo-ondas-7-1200x186.png 1200w, https:\/\/skscx.com.br\/wp-content\/uploads\/2019\/10\/topo-ondas-7.png 1920w\" data-sizes=\"auto\" data-orig-sizes=\"(max-width: 800px) 100vw, 1200px\" \/><\/span><\/div><div class=\"fusion-clearfix\"><\/div><\/div><\/div><\/div><\/div><div class=\"fusion-fullwidth fullwidth-box fusion-builder-row-3 nonhundred-percent-fullwidth non-hundred-percent-height-scrolling\" style=\"--awb-border-radius-top-left:0px;--awb-border-radius-top-right:0px;--awb-border-radius-bottom-right:0px;--awb-border-radius-bottom-left:0px;--awb-padding-top:60px;--awb-padding-bottom:60px;--awb-background-color:#f5f5f5;--awb-flex-wrap:wrap;\" ><div class=\"fusion-builder-row fusion-row\"><div class=\"fusion-layout-column fusion_builder_column fusion-builder-column-4 fusion_builder_column_1_1 1_1 fusion-one-full fusion-column-first fusion-column-last\" style=\"--awb-bg-size:cover;\"><div class=\"fusion-column-wrapper fusion-column-has-shadow fusion-flex-column-wrapper-legacy\"><div class=\"fusion-blog-shortcode fusion-blog-shortcode-1 fusion-blog-archive fusion-blog-layout-grid-wrapper fusion-blog-pagination\" style=\"--grid_separator_color:#ffffff;\"><style type=\"text\/css\">.fusion-blog-shortcode-1 .fusion-blog-layout-grid .fusion-post-grid{padding:30px;}.fusion-blog-shortcode-1 .fusion-posts-container{margin-left: -30px !important; margin-right:-30px !important;}<\/style><div class=\"fusion-posts-container fusion-posts-container-pagination fusion-no-meta-info fusion-blog-rollover fusion-blog-layout-grid fusion-blog-layout-grid-3 isotope fusion-blog-equal-heights\" data-pages=\"9\" data-grid-col-space=\"60\" style=\"margin: -30px -30px 0;min-height:500px;\"><article id=\"blog-1-post-1178\" class=\"fusion-post-grid has-post-thumbnail post-1178 post type-post status-publish format-video hentry category-blog post_format-post-format-video\">\n<div class=\"fusion-post-wrapper\" style=\"background-color:rgba(255,255,255,1);border:1px solid #ffffff;border-bottom-width:3px;\">\n\n\t\t\t<div class=\"fusion-flexslider flexslider fusion-flexslider-loading fusion-post-slideshow\" style=\"border-color:#ffffff;\">\n\t\t<ul class=\"slides\">\n\t\t\t\t\t\t\t<li>\n\t\t\t\t\t<div class=\"full-video\"><iframe width=\"560\" height=\"315\" src=\"https:\/\/www.youtube.com\/embed\/6toHzHL5TCo\" title=\"YouTube video player\" frameborder=\"0\" allow=\"accelerometer; autoplay; clipboard-write; encrypted-media; gyroscope; picture-in-picture; web-share\" allowfullscreen><\/iframe><\/div>\n\t\t\t\t<\/li>\n\t\t\t\n\t\t\t\t\t\t\n\t\t\t\n\t\t\t\t\t\t\t\t\t\t\t\t\t\t\t\t\t\t\t\t\t\t\t\t\t\t\t\t\t\t\t\t\t\t\t\t\t\t\t\t\t\t\t\t\t\t\t\t\t\t\t\t\t\t\t\t\t\t\t\t\t\t\t\t\t\t\t\t<\/ul>\n\t<\/div>\n\t<div class=\"fusion-post-content-wrapper\" style=\"padding:30px 25px 20px 25px;\"><div class=\"fusion-post-content post-content\"><h2 class=\"blog-shortcode-post-title entry-title\"><a href=\"https:\/\/skscx.com.br\/en\/pesquisa-conduzida-por-sks-cx-e-citada-em-reportagem-na-jovem-pan-news\/\">Pesquisa conduzida por SKS CX \u00e9 citada em reportagem na Jovem Pan News.<\/a><\/h2><div class=\"fusion-post-content-container\"><p> Pesquisa conduzida por SKS CX \u00e9 citada em reportagem na Jovem Pan News. Confira no v\u00eddeo acima.    <\/p><\/div><\/div><\/div><div class=\"fusion-clearfix\"><\/div><\/div>\n<\/article>\n<article id=\"blog-1-post-960\" class=\"fusion-post-grid post-960 post type-post status-publish format-standard has-post-thumbnail hentry category-blog\">\n<div class=\"fusion-post-wrapper\" style=\"background-color:rgba(255,255,255,1);border:1px solid #ffffff;border-bottom-width:3px;\">\n\n\t\t\t<div class=\"fusion-flexslider flexslider fusion-flexslider-loading fusion-post-slideshow\" style=\"border-color:#ffffff;\">\n\t\t<ul class=\"slides\">\n\t\t\t\n\t\t\t\t\t\t\t\t\t\t\t\t\t\t<li><div  class=\"fusion-image-wrapper\" aria-haspopup=\"true\">\n\t\t\t\t<img decoding=\"async\" width=\"1200\" height=\"627\" src=\"https:\/\/skscx.com.br\/wp-content\/uploads\/2021\/12\/artigocapa-2.jpg\" class=\"attachment-full size-full lazyload wp-post-image\" alt=\"\" srcset=\"data:image\/svg+xml,%3Csvg%20xmlns%3D%27http%3A%2F%2Fwww.w3.org%2F2000%2Fsvg%27%20width%3D%271200%27%20height%3D%27627%27%20viewBox%3D%270%200%201200%20627%27%3E%3Crect%20width%3D%271200%27%20height%3D%27627%27%20fill-opacity%3D%220%22%2F%3E%3C%2Fsvg%3E\" data-orig-src=\"https:\/\/skscx.com.br\/wp-content\/uploads\/2021\/12\/artigocapa-2.jpg\" data-srcset=\"https:\/\/skscx.com.br\/wp-content\/uploads\/2021\/12\/artigocapa-2-200x105.jpg 200w, https:\/\/skscx.com.br\/wp-content\/uploads\/2021\/12\/artigocapa-2-400x209.jpg 400w, https:\/\/skscx.com.br\/wp-content\/uploads\/2021\/12\/artigocapa-2-600x314.jpg 600w, https:\/\/skscx.com.br\/wp-content\/uploads\/2021\/12\/artigocapa-2-800x418.jpg 800w, https:\/\/skscx.com.br\/wp-content\/uploads\/2021\/12\/artigocapa-2.jpg 1200w\" data-sizes=\"auto\" \/><div class=\"fusion-rollover\">\n\t<div class=\"fusion-rollover-content\">\n\n\t\t\t\t\t\t\t\t\t\t\t\t\t\t<a class=\"fusion-rollover-link\" href=\"https:\/\/skscx.com.br\/en\/brasileiros-pretendem-gastar-nesse-natal-sua-marca-esta-pronta\/\">Brasileiros pretendem gastar nesse Natal: sua marca est\u00e1 pronta?<\/a>\n\t\t\t\n\t\t\t\t\t\t\t\t\n\t\t\n\t\t\t\t\t\t\t\t\t\t\t\t<h4 class=\"fusion-rollover-title\">\n\t\t\t\t\t<a class=\"fusion-rollover-title-link\" href=\"https:\/\/skscx.com.br\/en\/brasileiros-pretendem-gastar-nesse-natal-sua-marca-esta-pronta\/\">\n\t\t\t\t\t\tBrasileiros pretendem gastar nesse Natal: sua marca est\u00e1 pronta?\t\t\t\t\t<\/a>\n\t\t\t\t<\/h4>\n\t\t\t\n\t\t\t\t\t\t\t\t\n\t\t\n\t\t\t\t\t\t<a class=\"fusion-link-wrapper\" href=\"https:\/\/skscx.com.br\/en\/brasileiros-pretendem-gastar-nesse-natal-sua-marca-esta-pronta\/\" aria-label=\"Brasileiros pretendem gastar nesse Natal: sua marca est\u00e1 pronta?\"><\/a>\n\t<\/div>\n<\/div>\n<\/div>\n<\/li>\n\t\t\t\n\t\t\t\n\t\t\t\t\t\t\t\t\t\t\t\t\t\t\t\t\t\t\t\t\t\t\t\t\t\t\t\t\t\t\t\t\t\t\t\t\t\t\t\t\t\t\t\t\t\t\t\t\t\t\t\t\t\t\t\t\t\t\t\t\t\t\t\t\t\t\t\t<\/ul>\n\t<\/div>\n\t<div class=\"fusion-post-content-wrapper\" style=\"padding:30px 25px 20px 25px;\"><div class=\"fusion-post-content post-content\"><h2 class=\"blog-shortcode-post-title entry-title\"><a href=\"https:\/\/skscx.com.br\/en\/brasileiros-pretendem-gastar-nesse-natal-sua-marca-esta-pronta\/\">Brasileiros pretendem gastar nesse Natal: sua marca est\u00e1 pronta?<\/a><\/h2><div class=\"fusion-post-content-container\"><p>O avan\u00e7o da vacina\u00e7\u00e3o em todo o pa\u00eds promete presentear tamb\u00e9m o com\u00e9rcio no Natal deste ano. A expectativa \u00e9 de que 77% dos consumidores comprem presentes para filhos, pais, [...]<\/p><\/div><\/div><\/div><div class=\"fusion-clearfix\"><\/div><\/div>\n<\/article>\n<article id=\"blog-1-post-928\" class=\"fusion-post-grid post-928 post type-post status-publish format-standard has-post-thumbnail hentry category-blog\">\n<div class=\"fusion-post-wrapper\" style=\"background-color:rgba(255,255,255,1);border:1px solid #ffffff;border-bottom-width:3px;\">\n\n\t\t\t<div class=\"fusion-flexslider flexslider fusion-flexslider-loading fusion-post-slideshow\" style=\"border-color:#ffffff;\">\n\t\t<ul class=\"slides\">\n\t\t\t\n\t\t\t\t\t\t\t\t\t\t\t\t\t\t<li><div  class=\"fusion-image-wrapper\" aria-haspopup=\"true\">\n\t\t\t\t<img decoding=\"async\" width=\"851\" height=\"562\" src=\"https:\/\/skscx.com.br\/wp-content\/uploads\/2021\/10\/dopamina-dressing.jpg\" class=\"attachment-full size-full lazyload wp-post-image\" alt=\"\" srcset=\"data:image\/svg+xml,%3Csvg%20xmlns%3D%27http%3A%2F%2Fwww.w3.org%2F2000%2Fsvg%27%20width%3D%27851%27%20height%3D%27562%27%20viewBox%3D%270%200%20851%20562%27%3E%3Crect%20width%3D%27851%27%20height%3D%27562%27%20fill-opacity%3D%220%22%2F%3E%3C%2Fsvg%3E\" data-orig-src=\"https:\/\/skscx.com.br\/wp-content\/uploads\/2021\/10\/dopamina-dressing.jpg\" data-srcset=\"https:\/\/skscx.com.br\/wp-content\/uploads\/2021\/10\/dopamina-dressing-200x132.jpg 200w, https:\/\/skscx.com.br\/wp-content\/uploads\/2021\/10\/dopamina-dressing-400x264.jpg 400w, https:\/\/skscx.com.br\/wp-content\/uploads\/2021\/10\/dopamina-dressing-600x396.jpg 600w, https:\/\/skscx.com.br\/wp-content\/uploads\/2021\/10\/dopamina-dressing-800x528.jpg 800w, https:\/\/skscx.com.br\/wp-content\/uploads\/2021\/10\/dopamina-dressing.jpg 851w\" data-sizes=\"auto\" \/><div class=\"fusion-rollover\">\n\t<div class=\"fusion-rollover-content\">\n\n\t\t\t\t\t\t\t\t\t\t\t\t\t\t<a class=\"fusion-rollover-link\" href=\"https:\/\/skscx.com.br\/en\/voce-ja-ouviu-falar-em-dopamina-dressing\/\">Voc\u00ea j\u00e1 ouviu falar em \u201cDopamina Dressing\u201d?<\/a>\n\t\t\t\n\t\t\t\t\t\t\t\t\n\t\t\n\t\t\t\t\t\t\t\t\t\t\t\t<h4 class=\"fusion-rollover-title\">\n\t\t\t\t\t<a class=\"fusion-rollover-title-link\" href=\"https:\/\/skscx.com.br\/en\/voce-ja-ouviu-falar-em-dopamina-dressing\/\">\n\t\t\t\t\t\tVoc\u00ea j\u00e1 ouviu falar em \u201cDopamina Dressing\u201d?\t\t\t\t\t<\/a>\n\t\t\t\t<\/h4>\n\t\t\t\n\t\t\t\t\t\t\t\t\n\t\t\n\t\t\t\t\t\t<a class=\"fusion-link-wrapper\" href=\"https:\/\/skscx.com.br\/en\/voce-ja-ouviu-falar-em-dopamina-dressing\/\" aria-label=\"Voc\u00ea j\u00e1 ouviu falar em \u201cDopamina Dressing\u201d?\"><\/a>\n\t<\/div>\n<\/div>\n<\/div>\n<\/li>\n\t\t\t\n\t\t\t\n\t\t\t\t\t\t\t\t\t\t\t\t\t\t\t\t\t\t\t\t\t\t\t\t\t\t\t\t\t\t\t\t\t\t\t\t\t\t\t\t\t\t\t\t\t\t\t\t\t\t\t\t\t\t\t\t\t\t\t\t\t\t\t\t\t\t\t\t<\/ul>\n\t<\/div>\n\t<div class=\"fusion-post-content-wrapper\" style=\"padding:30px 25px 20px 25px;\"><div class=\"fusion-post-content post-content\"><h2 class=\"blog-shortcode-post-title entry-title\"><a href=\"https:\/\/skscx.com.br\/en\/voce-ja-ouviu-falar-em-dopamina-dressing\/\">Voc\u00ea j\u00e1 ouviu falar em \u201cDopamina Dressing\u201d?<\/a><\/h2><div class=\"fusion-post-content-container\"><p>Pois \u00e9! Em um cen\u00e1rio novo, p\u00f3s isolamento social e com a reabertura do com\u00e9rcio, restaurantes, servi\u00e7os, entretenimento e fronteiras, o que o consumidor quer \u00e9 sentir-se bem! E esse [...]<\/p><\/div><\/div><\/div><div class=\"fusion-clearfix\"><\/div><\/div>\n<\/article>\n<div class=\"fusion-clearfix\"><\/div><\/div><div class=\"pagination clearfix\"><span class=\"current\">1<\/span><a href=\"https:\/\/skscx.com.br\/en\/wp-json\/wp\/v2\/pages\/215\/page\/2\/\" class=\"inactive\">2<\/a><a class=\"pagination-next\" rel=\"next\" href=\"https:\/\/skscx.com.br\/en\/wp-json\/wp\/v2\/pages\/215\/page\/2\/\"><span class=\"page-text\">Next<\/span><span class=\"page-next\"><\/span><\/a><\/div><div class=\"fusion-clearfix\"><\/div><\/div><div class=\"fusion-clearfix\"><\/div><\/div><\/div><\/div><\/div><\/p>","protected":false},"excerpt":{"rendered":"","protected":false},"author":1,"featured_media":0,"parent":0,"menu_order":0,"comment_status":"closed","ping_status":"closed","template":"100-width.php","meta":{"_joinchat":[],"footnotes":""},"class_list":["post-215","page","type-page","status-publish","hentry"],"yoast_head":"<!-- This site is optimized with the Yoast SEO plugin v26.9 - https:\/\/yoast.com\/product\/yoast-seo-wordpress\/ -->\n<title>Blog - SKS - Customer Experience Consultancy<\/title>\n<meta name=\"description\" content=\"Confira todos os posts do Blog da SKS - Customer Experience Consultancy sobre as tend\u00eancias de mercado, comportamento do cliente!\" \/>\n<meta name=\"robots\" content=\"noindex, follow, max-snippet:-1, max-image-preview:large, max-video-preview:-1\" \/>\n<meta property=\"og:locale\" content=\"en_US\" \/>\n<meta property=\"og:type\" content=\"article\" \/>\n<meta property=\"og:title\" content=\"Blog - SKS - Customer Experience Consultancy\" \/>\n<meta property=\"og:description\" content=\"Confira todos os posts do Blog da SKS - Customer Experience Consultancy sobre as tend\u00eancias de mercado, comportamento do cliente!\" \/>\n<meta property=\"og:url\" content=\"https:\/\/skscx.com.br\/en\/blog\/\" \/>\n<meta property=\"og:site_name\" content=\"SKS CX\" \/>\n<meta property=\"article:modified_time\" content=\"2024-05-17T17:30:33+00:00\" \/>\n<meta name=\"twitter:card\" content=\"summary_large_image\" \/>\n<meta name=\"twitter:label1\" content=\"Est. reading time\" \/>\n\t<meta name=\"twitter:data1\" content=\"3 minutes\" \/>\n<script type=\"application\/ld+json\" class=\"yoast-schema-graph\">{\"@context\":\"https:\/\/schema.org\",\"@graph\":[{\"@type\":\"WebPage\",\"@id\":\"https:\/\/skscx.com.br\/blog\/\",\"url\":\"https:\/\/skscx.com.br\/blog\/\",\"name\":\"Blog - SKS - Customer Experience Consultancy\",\"isPartOf\":{\"@id\":\"https:\/\/skscx.com.br\/#website\"},\"datePublished\":\"2019-10-07T21:25:46+00:00\",\"dateModified\":\"2024-05-17T17:30:33+00:00\",\"description\":\"Confira todos os posts do Blog da SKS - Customer Experience Consultancy sobre as tend\u00eancias de mercado, comportamento do cliente!\",\"breadcrumb\":{\"@id\":\"https:\/\/skscx.com.br\/blog\/#breadcrumb\"},\"inLanguage\":\"en-US\",\"potentialAction\":[{\"@type\":\"ReadAction\",\"target\":[\"https:\/\/skscx.com.br\/blog\/\"]}]},{\"@type\":\"BreadcrumbList\",\"@id\":\"https:\/\/skscx.com.br\/blog\/#breadcrumb\",\"itemListElement\":[{\"@type\":\"ListItem\",\"position\":1,\"name\":\"In\u00edcio\",\"item\":\"https:\/\/skscx.com.br\/\"},{\"@type\":\"ListItem\",\"position\":2,\"name\":\"Blog\"}]},{\"@type\":\"WebSite\",\"@id\":\"https:\/\/skscx.com.br\/#website\",\"url\":\"https:\/\/skscx.com.br\/\",\"name\":\"SKS CX\",\"description\":\"Customer Experience Consultancy\",\"publisher\":{\"@id\":\"https:\/\/skscx.com.br\/#organization\"},\"potentialAction\":[{\"@type\":\"SearchAction\",\"target\":{\"@type\":\"EntryPoint\",\"urlTemplate\":\"https:\/\/skscx.com.br\/?s={search_term_string}\"},\"query-input\":{\"@type\":\"PropertyValueSpecification\",\"valueRequired\":true,\"valueName\":\"search_term_string\"}}],\"inLanguage\":\"en-US\"},{\"@type\":\"Organization\",\"@id\":\"https:\/\/skscx.com.br\/#organization\",\"name\":\"SKS CX\",\"url\":\"https:\/\/skscx.com.br\/\",\"logo\":{\"@type\":\"ImageObject\",\"inLanguage\":\"en-US\",\"@id\":\"https:\/\/skscx.com.br\/#\/schema\/logo\/image\/\",\"url\":\"https:\/\/skscx.com.br\/wp-content\/uploads\/2019\/12\/logo-skscx@mobile.png\",\"contentUrl\":\"https:\/\/skscx.com.br\/wp-content\/uploads\/2019\/12\/logo-skscx@mobile.png\",\"width\":91,\"height\":65,\"caption\":\"SKS CX\"},\"image\":{\"@id\":\"https:\/\/skscx.com.br\/#\/schema\/logo\/image\/\"},\"sameAs\":[\"https:\/\/www.instagram.com\/skscx\/\",\"https:\/\/www.linkedin.com\/company\/sks-cx-customer-experience-consultancy\/\"]}]}<\/script>\n<!-- \/ Yoast SEO plugin. -->","yoast_head_json":{"title":"Blog - SKS - Customer Experience Consultancy","description":"Confira todos os posts do Blog da SKS - Customer Experience Consultancy sobre as tend\u00eancias de mercado, comportamento do cliente!","robots":{"index":"noindex","follow":"follow","max-snippet":"max-snippet:-1","max-image-preview":"max-image-preview:large","max-video-preview":"max-video-preview:-1"},"og_locale":"en_US","og_type":"article","og_title":"Blog - SKS - Customer Experience Consultancy","og_description":"Confira todos os posts do Blog da SKS - Customer Experience Consultancy sobre as tend\u00eancias de mercado, comportamento do cliente!","og_url":"https:\/\/skscx.com.br\/en\/blog\/","og_site_name":"SKS CX","article_modified_time":"2024-05-17T17:30:33+00:00","twitter_card":"summary_large_image","twitter_misc":{"Est. reading time":"3 minutes"},"schema":{"@context":"https:\/\/schema.org","@graph":[{"@type":"WebPage","@id":"https:\/\/skscx.com.br\/blog\/","url":"https:\/\/skscx.com.br\/blog\/","name":"Blog - SKS - Customer Experience Consultancy","isPartOf":{"@id":"https:\/\/skscx.com.br\/#website"},"datePublished":"2019-10-07T21:25:46+00:00","dateModified":"2024-05-17T17:30:33+00:00","description":"Confira todos os posts do Blog da SKS - Customer Experience Consultancy sobre as tend\u00eancias de mercado, comportamento do cliente!","breadcrumb":{"@id":"https:\/\/skscx.com.br\/blog\/#breadcrumb"},"inLanguage":"en-US","potentialAction":[{"@type":"ReadAction","target":["https:\/\/skscx.com.br\/blog\/"]}]},{"@type":"BreadcrumbList","@id":"https:\/\/skscx.com.br\/blog\/#breadcrumb","itemListElement":[{"@type":"ListItem","position":1,"name":"In\u00edcio","item":"https:\/\/skscx.com.br\/"},{"@type":"ListItem","position":2,"name":"Blog"}]},{"@type":"WebSite","@id":"https:\/\/skscx.com.br\/#website","url":"https:\/\/skscx.com.br\/","name":"SKS CX","description":"Customer Experience Consultancy","publisher":{"@id":"https:\/\/skscx.com.br\/#organization"},"potentialAction":[{"@type":"SearchAction","target":{"@type":"EntryPoint","urlTemplate":"https:\/\/skscx.com.br\/?s={search_term_string}"},"query-input":{"@type":"PropertyValueSpecification","valueRequired":true,"valueName":"search_term_string"}}],"inLanguage":"en-US"},{"@type":"Organization","@id":"https:\/\/skscx.com.br\/#organization","name":"SKS CX","url":"https:\/\/skscx.com.br\/","logo":{"@type":"ImageObject","inLanguage":"en-US","@id":"https:\/\/skscx.com.br\/#\/schema\/logo\/image\/","url":"https:\/\/skscx.com.br\/wp-content\/uploads\/2019\/12\/logo-skscx@mobile.png","contentUrl":"https:\/\/skscx.com.br\/wp-content\/uploads\/2019\/12\/logo-skscx@mobile.png","width":91,"height":65,"caption":"SKS CX"},"image":{"@id":"https:\/\/skscx.com.br\/#\/schema\/logo\/image\/"},"sameAs":["https:\/\/www.instagram.com\/skscx\/","https:\/\/www.linkedin.com\/company\/sks-cx-customer-experience-consultancy\/"]}]}},"_links":{"self":[{"href":"https:\/\/skscx.com.br\/en\/wp-json\/wp\/v2\/pages\/215","targetHints":{"allow":["GET"]}}],"collection":[{"href":"https:\/\/skscx.com.br\/en\/wp-json\/wp\/v2\/pages"}],"about":[{"href":"https:\/\/skscx.com.br\/en\/wp-json\/wp\/v2\/types\/page"}],"author":[{"embeddable":true,"href":"https:\/\/skscx.com.br\/en\/wp-json\/wp\/v2\/users\/1"}],"replies":[{"embeddable":true,"href":"https:\/\/skscx.com.br\/en\/wp-json\/wp\/v2\/comments?post=215"}],"version-history":[{"count":5,"href":"https:\/\/skscx.com.br\/en\/wp-json\/wp\/v2\/pages\/215\/revisions"}],"predecessor-version":[{"id":1225,"href":"https:\/\/skscx.com.br\/en\/wp-json\/wp\/v2\/pages\/215\/revisions\/1225"}],"wp:attachment":[{"href":"https:\/\/skscx.com.br\/en\/wp-json\/wp\/v2\/media?parent=215"}],"curies":[{"name":"wp","href":"https:\/\/api.w.org\/{rel}","templated":true}]}}